{"id":11,"date":"2025-10-14T16:51:48","date_gmt":"2025-10-14T16:51:48","guid":{"rendered":"https:\/\/nicogimendez.com\/?page_id=11"},"modified":"2025-10-14T21:03:54","modified_gmt":"2025-10-14T21:03:54","slug":"sobre-mi","status":"publish","type":"page","link":"https:\/\/nicogimendez.com\/index.php\/sobre-mi\/","title":{"rendered":"SOBRE MI"},"content":{"rendered":"\n<div class=\"wp-block-media-text is-stacked-on-mobile is-vertically-aligned-top\" style=\"grid-template-columns:29% auto\"><figure class=\"wp-block-media-text__media\"><img loading=\"lazy\" decoding=\"async\" width=\"300\" height=\"300\" src=\"https:\/\/nicogimendez.com\/wp-content\/uploads\/2025\/10\/SER-Nico-Gimendez-1-300x300.png\" alt=\"\" class=\"wp-image-52 size-medium\" srcset=\"https:\/\/nicogimendez.com\/wp-content\/uploads\/2025\/10\/SER-Nico-Gimendez-1-300x300.png 300w, https:\/\/nicogimendez.com\/wp-content\/uploads\/2025\/10\/SER-Nico-Gimendez-1-1024x1024.png 1024w, https:\/\/nicogimendez.com\/wp-content\/uploads\/2025\/10\/SER-Nico-Gimendez-1-150x150.png 150w, https:\/\/nicogimendez.com\/wp-content\/uploads\/2025\/10\/SER-Nico-Gimendez-1-768x768.png 768w, https:\/\/nicogimendez.com\/wp-content\/uploads\/2025\/10\/SER-Nico-Gimendez-1-640x640.png 640w, https:\/\/nicogimendez.com\/wp-content\/uploads\/2025\/10\/SER-Nico-Gimendez-1-825x825.png 825w, https:\/\/nicogimendez.com\/wp-content\/uploads\/2025\/10\/SER-Nico-Gimendez-1-100x100.png 100w, https:\/\/nicogimendez.com\/wp-content\/uploads\/2025\/10\/SER-Nico-Gimendez-1-50x50.png 50w, https:\/\/nicogimendez.com\/wp-content\/uploads\/2025\/10\/SER-Nico-Gimendez-1.png 1200w\" sizes=\"auto, (max-width: 300px) 100vw, 300px\" \/><\/figure><div class=\"wp-block-media-text__content\">\n<p>Soy <strong>Nico Gim\u00e9ndez<\/strong>, dise\u00f1ador gr\u00e1fico con m\u00e1s de <strong>12 a\u00f1os de experiencia<\/strong> creando y transformando identidades visuales.<br>Mi trabajo se centra en el <strong>dise\u00f1o de marcas<\/strong>: desde la creaci\u00f3n de logotipos y manuales de identidad hasta la <strong>evoluci\u00f3n visual de marcas existentes<\/strong> que buscan reinventarse sin perder su esencia. Tambi\u00e9n desarrollo contenido <strong>gr\u00e1fico digital<\/strong> para redes sociales, fusionando estrategia, est\u00e9tica y comunicaci\u00f3n visual en un mismo lenguaje.<\/p>\n\n\n\n<p>A lo largo de mi trayectoria he aprendido que una identidad no solo debe verse bien, sino <strong>sentirse aut\u00e9ntica<\/strong>, reflejar la esencia de quien est\u00e1 detr\u00e1s y conectar con las personas adecuadas. Por eso, te puedo acompa\u00f1ar en todo el proceso de <strong>definir, reestructurar o redise\u00f1ar<\/strong> tu identidad visual para que destaque en un mercado cada vez m\u00e1s competitivo.<\/p>\n\n\n\n<p>Soy un <strong>creativo disruptivo<\/strong>, con m\u00e9todos propios inspirados en referentes internacionales y una <strong>formaci\u00f3n constante<\/strong> en el \u00e1mbito del dise\u00f1o, la comunicaci\u00f3n y las artes.<br>Adem\u00e1s, soy un apasionado del <strong>lettering<\/strong>, un espacio donde redescubro mis capacidades expresivas y juego con la tipograf\u00eda como si fuera una extensi\u00f3n de la voz.<\/p>\n\n\n\n<p>Paralelamente, estudio <strong>actuaci\u00f3n<\/strong>, lo que me permite ampliar mi sensibilidad y mi mirada creativa: entender mejor las emociones, los gestos y las narrativas que hacen que una marca cobre vida.<\/p>\n\n\n\n<p>No soy un dise\u00f1ador que simplemente ejecuta una idea: <strong>soy un aliado creativo que te acompa\u00f1a codo a codo<\/strong> en el desarrollo de tu proyecto visual, ayud\u00e1ndote a construir algo que no solo se vea bien, sino que <strong>represente qui\u00e9n sos<\/strong> y hacia d\u00f3nde quer\u00e9s llegar.<\/p>\n<\/div><\/div>\n","protected":false},"excerpt":{"rendered":"<p>Soy Nico Gim\u00e9ndez, dise\u00f1ador gr\u00e1fico con m\u00e1s de 12 a\u00f1os de experiencia creando y transformando identidades visuales.Mi trabajo se centra en el dise\u00f1o de marcas: desde la creaci\u00f3n de logotipos y manuales de identidad hasta<span class=\"more-button\"><a href=\"https:\/\/nicogimendez.com\/index.php\/sobre-mi\/\" class=\"more-link\">Seguir leyendo<span class=\"screen-reader-text\">SOBRE MI<\/span><i class=\"fa fa-angle-right\" aria-hidden=\"true\"><\/i><\/a><\/span><\/p>\n","protected":false},"author":1,"featured_media":0,"parent":0,"menu_order":0,"comment_status":"closed","ping_status":"closed","template":"","meta":{"footnotes":""},"class_list":["post-11","page","type-page","status-publish","hentry"],"_links":{"self":[{"href":"https:\/\/nicogimendez.com\/index.php\/wp-json\/wp\/v2\/pages\/11","targetHints":{"allow":["GET"]}}],"collection":[{"href":"https:\/\/nicogimendez.com\/index.php\/wp-json\/wp\/v2\/pages"}],"about":[{"href":"https:\/\/nicogimendez.com\/index.php\/wp-json\/wp\/v2\/types\/page"}],"author":[{"embeddable":true,"href":"https:\/\/nicogimendez.com\/index.php\/wp-json\/wp\/v2\/users\/1"}],"replies":[{"embeddable":true,"href":"https:\/\/nicogimendez.com\/index.php\/wp-json\/wp\/v2\/comments?post=11"}],"version-history":[{"count":3,"href":"https:\/\/nicogimendez.com\/index.php\/wp-json\/wp\/v2\/pages\/11\/revisions"}],"predecessor-version":[{"id":53,"href":"https:\/\/nicogimendez.com\/index.php\/wp-json\/wp\/v2\/pages\/11\/revisions\/53"}],"wp:attachment":[{"href":"https:\/\/nicogimendez.com\/index.php\/wp-json\/wp\/v2\/media?parent=11"}],"curies":[{"name":"wp","href":"https:\/\/api.w.org\/{rel}","templated":true}]}}